{"id":1093,"date":"2024-02-27T09:27:34","date_gmt":"2024-02-27T08:27:34","guid":{"rendered":"https:\/\/arcana-solutions.com\/?page_id=1093"},"modified":"2024-02-27T10:04:36","modified_gmt":"2024-02-27T09:04:36","slug":"blog","status":"publish","type":"page","link":"https:\/\/arcana-solutions.com\/es\/blog\/","title":{"rendered":"Blog"},"content":{"rendered":"<p>[et_pb_section fb_built=\u00bb1&#8243; custom_padding_last_edited=\u00bbon|phone\u00bb _builder_version=\u00bb4.19.3&#8243; _module_preset=\u00bbdefault\u00bb custom_padding=\u00bb36px|||||\u00bb custom_padding_tablet=\u00bb\u00bb custom_padding_phone=\u00bb20px||||false|false\u00bb global_colors_info=\u00bb{}\u00bb][et_pb_row _builder_version=\u00bb4.19.3&#8243; _module_preset=\u00bb_initial\u00bb global_colors_info=\u00bb{}\u00bb][et_pb_column type=\u00bb4_4&#8243; _builder_version=\u00bb4.19.3&#8243; _module_preset=\u00bbdefault\u00bb global_colors_info=\u00bb{}\u00bb][et_pb_text _builder_version=\u00bb4.24.2&#8243; _module_preset=\u00bb_initial\u00bb text_font=\u00bb|500|||||||\u00bb text_text_color=\u00bb#82858e\u00bb text_font_size=\u00bb18px\u00bb text_line_height=\u00bb1.5em\u00bb header_font=\u00bbSF Mono &#8211; SemiBold||||||||\u00bb header_text_align=\u00bbcenter\u00bb header_text_color=\u00bb#00ADC0&#8243; header_font_size=\u00bb20px\u00bb header_line_height=\u00bb1.2em\u00bb header_2_font=\u00bbInter|700|||||||\u00bb header_2_font_size=\u00bb37px\u00bb header_2_line_height=\u00bb1.2em\u00bb header_3_font=\u00bbInter||||||||\u00bb header_3_font_size=\u00bb26px\u00bb header_3_line_height=\u00bb1.2em\u00bb header_4_font=\u00bbInter||||||||\u00bb header_4_font_size=\u00bb22px\u00bb header_4_line_height=\u00bb1.3em\u00bb header_5_font=\u00bbInter||||||||\u00bb header_5_font_size=\u00bb20px\u00bb header_6_font=\u00bbInter||||||||\u00bb header_6_font_size=\u00bb18px\u00bb custom_margin=\u00bb||14px||false|false\u00bb text_font_size_tablet=\u00bb18px\u00bb text_font_size_phone=\u00bb16px\u00bb text_font_size_last_edited=\u00bbon|phone\u00bb header_font_size_tablet=\u00bb20px\u00bb header_font_size_phone=\u00bb16px\u00bb header_font_size_last_edited=\u00bbon|tablet\u00bb header_2_font_size_tablet=\u00bb32px\u00bb header_2_font_size_phone=\u00bb26px\u00bb header_3_font_size_tablet=\u00bb24px\u00bb header_3_font_size_phone=\u00bb20px\u00bb header_4_font_size_tablet=\u00bb20px\u00bb header_4_font_size_phone=\u00bb18px\u00bb global_colors_info=\u00bb{}\u00bb]<\/p>\n<h1>Blog<\/h1>\n<p>[\/et_pb_text][et_pb_text _builder_version=\u00bb4.24.2&#8243; _module_preset=\u00bb_initial\u00bb text_font=\u00bbInter||||||||\u00bb text_text_color=\u00bb#82858e\u00bb text_font_size=\u00bb18px\u00bb text_line_height=\u00bb1.5em\u00bb header_font=\u00bb|700|||||||\u00bb header_font_size=\u00bb47px\u00bb header_line_height=\u00bb1.2em\u00bb header_2_font=\u00bb|700|||||||\u00bb header_2_text_align=\u00bbcenter\u00bb header_2_text_color=\u00bb#000000&#8243; header_2_font_size=\u00bb43px\u00bb header_2_line_height=\u00bb1.2em\u00bb header_3_font=\u00bbInter||||||||\u00bb header_3_font_size=\u00bb26px\u00bb header_3_line_height=\u00bb1.2em\u00bb header_4_font=\u00bbInter||||||||\u00bb header_4_font_size=\u00bb22px\u00bb header_4_line_height=\u00bb1.3em\u00bb header_5_font=\u00bbInter||||||||\u00bb header_5_font_size=\u00bb20px\u00bb header_6_font=\u00bbInter||||||||\u00bb header_6_font_size=\u00bb18px\u00bb max_width=\u00bb1100px\u00bb module_alignment=\u00bbcenter\u00bb custom_margin=\u00bb||10px||false|false\u00bb hover_enabled=\u00bb0&#8243; text_font_size_tablet=\u00bb18px\u00bb text_font_size_phone=\u00bb16px\u00bb text_font_size_last_edited=\u00bbon|phone\u00bb header_font_size_tablet=\u00bb40px\u00bb header_font_size_phone=\u00bb30px\u00bb header_font_size_last_edited=\u00bbon|tablet\u00bb header_2_font_size_tablet=\u00bb43px\u00bb header_2_font_size_phone=\u00bb30px\u00bb header_3_font_size_tablet=\u00bb24px\u00bb header_3_font_size_phone=\u00bb20px\u00bb header_4_font_size_tablet=\u00bb20px\u00bb header_4_font_size_phone=\u00bb18px\u00bb global_colors_info=\u00bb{}\u00bb sticky_enabled=\u00bb0&#8243;]<\/p>\n<h2>Conocimientos especializados en archivado de documentos y datos<\/h2>\n<p>[\/et_pb_text][et_pb_text _builder_version=\u00bb4.24.2&#8243; _module_preset=\u00bbdefault\u00bb text_orientation=\u00bbcenter\u00bb hover_enabled=\u00bb0&#8243; global_colors_info=\u00bb{}\u00bb sticky_enabled=\u00bb0&#8243;]Sus ideas y consejos para archivar documentos y datos al 100%. Mantente al d\u00eda de las \u00faltimas tendencias y t\u00e9cnicas.[\/et_pb_text][\/et_pb_column][\/et_pb_row][et_pb_row _builder_version=\u00bb4.19.3&#8243; _module_preset=\u00bb_initial\u00bb global_colors_info=\u00bb{}\u00bb][et_pb_column type=\u00bb4_4&#8243; _builder_version=\u00bb4.19.3&#8243; _module_preset=\u00bbdefault\u00bb global_colors_info=\u00bb{}\u00bb][et_pb_blog fullwidth=\u00bboff\u00bb use_manual_excerpt=\u00bboff\u00bb show_more=\u00bbon\u00bb show_author=\u00bboff\u00bb show_date=\u00bboff\u00bb show_categories=\u00bboff\u00bb show_excerpt=\u00bboff\u00bb show_pagination=\u00bboff\u00bb use_overlay=\u00bbon\u00bb overlay_icon_color=\u00bb#028FD5&#8243; hover_overlay_color=\u00bbrgba(0,0,0,0.48)\u00bb hover_icon=\u00bb&#x26;||divi||400&#8243; masonry_tile_background_color=\u00bb#F6F6F6&#8243; _builder_version=\u00bb4.24.2&#8243; _module_preset=\u00bbdefault\u00bb header_level=\u00bbh3&#8243; header_font=\u00bb||||||||\u00bb header_font_size=\u00bb25px\u00bb header_line_height=\u00bb1.4em\u00bb border_width_all=\u00bb0px\u00bb global_colors_info=\u00bb{}\u00bb][\/et_pb_blog][\/et_pb_column][\/et_pb_row][\/et_pb_section]<\/p>\n","protected":false},"excerpt":{"rendered":"<p>Blog Conocimientos especializados en archivado de documentos y datosSus ideas y consejos para archivar documentos y datos al 100%. Mantente al d\u00eda de las \u00faltimas tendencias y t\u00e9cnicas.<\/p>\n","protected":false},"author":1,"featured_media":0,"parent":0,"menu_order":0,"comment_status":"closed","ping_status":"closed","template":"","meta":{"_et_pb_use_builder":"on","_et_pb_old_content":"[et_pb_section fb_built=\"1\" custom_padding_last_edited=\"on|phone\" _builder_version=\"4.19.3\" _module_preset=\"default\" custom_padding=\"36px|||||\" custom_padding_tablet=\"\" custom_padding_phone=\"20px||||false|false\" global_colors_info=\"{}\"][et_pb_row _builder_version=\"4.19.3\" _module_preset=\"_initial\" global_colors_info=\"{}\"][et_pb_column type=\"4_4\" _builder_version=\"4.19.3\" _module_preset=\"default\" global_colors_info=\"{}\"][et_pb_text _builder_version=\"4.24.2\" _module_preset=\"_initial\" text_font=\"|500|||||||\" text_text_color=\"#82858e\" text_font_size=\"18px\" text_line_height=\"1.5em\" header_font=\"SF Mono - SemiBold||||||||\" header_text_align=\"center\" header_text_color=\"#00ADC0\" header_font_size=\"20px\" header_line_height=\"1.2em\" header_2_font=\"Inter|700|||||||\" header_2_font_size=\"37px\" header_2_line_height=\"1.2em\" header_3_font=\"Inter||||||||\" header_3_font_size=\"26px\" header_3_line_height=\"1.2em\" header_4_font=\"Inter||||||||\" header_4_font_size=\"22px\" header_4_line_height=\"1.3em\" header_5_font=\"Inter||||||||\" header_5_font_size=\"20px\" header_6_font=\"Inter||||||||\" header_6_font_size=\"18px\" custom_margin=\"||14px||false|false\" text_font_size_tablet=\"18px\" text_font_size_phone=\"16px\" text_font_size_last_edited=\"on|phone\" header_font_size_tablet=\"20px\" header_font_size_phone=\"16px\" header_font_size_last_edited=\"on|tablet\" header_2_font_size_tablet=\"32px\" header_2_font_size_phone=\"26px\" header_3_font_size_tablet=\"24px\" header_3_font_size_phone=\"20px\" header_4_font_size_tablet=\"20px\" header_4_font_size_phone=\"18px\" global_colors_info=\"{}\"]<h1>Blog<\/h1>\r\n[\/et_pb_text][et_pb_text _builder_version=\"4.24.2\" _module_preset=\"_initial\" text_font=\"Inter||||||||\" text_text_color=\"#82858e\" text_font_size=\"18px\" text_line_height=\"1.5em\" header_font=\"|700|||||||\" header_font_size=\"47px\" header_line_height=\"1.2em\" header_2_font=\"|700|||||||\" header_2_text_align=\"center\" header_2_text_color=\"#000000\" header_2_font_size=\"43px\" header_2_line_height=\"1.2em\" header_3_font=\"Inter||||||||\" header_3_font_size=\"26px\" header_3_line_height=\"1.2em\" header_4_font=\"Inter||||||||\" header_4_font_size=\"22px\" header_4_line_height=\"1.3em\" header_5_font=\"Inter||||||||\" header_5_font_size=\"20px\" header_6_font=\"Inter||||||||\" header_6_font_size=\"18px\" max_width=\"1100px\" module_alignment=\"center\" custom_margin=\"||10px||false|false\" hover_enabled=\"0\" text_font_size_tablet=\"18px\" text_font_size_phone=\"16px\" text_font_size_last_edited=\"on|phone\" header_font_size_tablet=\"40px\" header_font_size_phone=\"30px\" header_font_size_last_edited=\"on|tablet\" header_2_font_size_tablet=\"43px\" header_2_font_size_phone=\"30px\" header_3_font_size_tablet=\"24px\" header_3_font_size_phone=\"20px\" header_4_font_size_tablet=\"20px\" header_4_font_size_phone=\"18px\" global_colors_info=\"{}\" sticky_enabled=\"0\"]<h2>Expert knowledge on document and data archiving<\/h2>[\/et_pb_text][et_pb_text _builder_version=\"4.24.2\" _module_preset=\"default\" text_orientation=\"center\" hover_enabled=\"0\" global_colors_info=\"{}\" sticky_enabled=\"0\"]Your insights and advice for 100% document and data archiving. Keep up to date with the latest trends and techniques.[\/et_pb_text][\/et_pb_column][\/et_pb_row][et_pb_row _builder_version=\"4.19.3\" _module_preset=\"_initial\" global_colors_info=\"{}\"][et_pb_column type=\"4_4\" _builder_version=\"4.19.3\" _module_preset=\"default\" global_colors_info=\"{}\"][et_pb_blog fullwidth=\"off\" use_manual_excerpt=\"off\" show_more=\"on\" show_author=\"off\" show_date=\"off\" show_categories=\"off\" show_excerpt=\"off\" show_pagination=\"off\" use_overlay=\"on\" overlay_icon_color=\"#028FD5\" hover_overlay_color=\"rgba(0,0,0,0.48)\" hover_icon=\"&||divi||400\" masonry_tile_background_color=\"#F6F6F6\" _builder_version=\"4.24.2\" _module_preset=\"default\" header_level=\"h3\" header_font=\"||||||||\" header_font_size=\"25px\" header_line_height=\"1.4em\" border_width_all=\"0px\" global_colors_info=\"{}\"][\/et_pb_blog][\/et_pb_column][\/et_pb_row][\/et_pb_section]","_et_gb_content_width":"","episode_type":"","audio_file":"","podmotor_file_id":"","podmotor_episode_id":"","cover_image":"","cover_image_id":"","duration":"","filesize":"","filesize_raw":"","date_recorded":"","explicit":"","block":"","itunes_episode_number":"","itunes_title":"","itunes_season_number":"","itunes_episode_type":"","footnotes":""},"dipi_cpt_category":[],"class_list":["post-1093","page","type-page","status-publish","hentry"],"_links":{"self":[{"href":"https:\/\/arcana-solutions.com\/es\/wp-json\/wp\/v2\/pages\/1093","targetHints":{"allow":["GET"]}}],"collection":[{"href":"https:\/\/arcana-solutions.com\/es\/wp-json\/wp\/v2\/pages"}],"about":[{"href":"https:\/\/arcana-solutions.com\/es\/wp-json\/wp\/v2\/types\/page"}],"author":[{"embeddable":true,"href":"https:\/\/arcana-solutions.com\/es\/wp-json\/wp\/v2\/users\/1"}],"replies":[{"embeddable":true,"href":"https:\/\/arcana-solutions.com\/es\/wp-json\/wp\/v2\/comments?post=1093"}],"version-history":[{"count":2,"href":"https:\/\/arcana-solutions.com\/es\/wp-json\/wp\/v2\/pages\/1093\/revisions"}],"predecessor-version":[{"id":1096,"href":"https:\/\/arcana-solutions.com\/es\/wp-json\/wp\/v2\/pages\/1093\/revisions\/1096"}],"wp:attachment":[{"href":"https:\/\/arcana-solutions.com\/es\/wp-json\/wp\/v2\/media?parent=1093"}],"wp:term":[{"taxonomy":"dipi_cpt_category","embeddable":true,"href":"https:\/\/arcana-solutions.com\/es\/wp-json\/wp\/v2\/dipi_cpt_category?post=1093"}],"curies":[{"name":"wp","href":"https:\/\/api.w.org\/{rel}","templated":true}]}}