{"id":898,"date":"2022-10-03T13:06:27","date_gmt":"2022-10-03T11:06:27","guid":{"rendered":"https:\/\/arcana-solutions.com\/impressum\/"},"modified":"2023-11-06T17:08:08","modified_gmt":"2023-11-06T16:08:08","slug":"imprimir","status":"publish","type":"page","link":"https:\/\/arcana-solutions.com\/es\/imprimir\/","title":{"rendered":"Imprimir"},"content":{"rendered":"<p>[et_pb_section fb_built=\u00bb1&#8243; _builder_version=\u00bb4.16&#8243; _module_preset=\u00bbdefault\u00bb custom_padding=\u00bb53px||||false|false\u00bb global_colors_info=\u00bb{}\u00bb][et_pb_row column_structure=\u00bb3_5,2_5&#8243; _builder_version=\u00bb4.18.0&#8243; _module_preset=\u00bb6c0703ad-7189-4acb-afd1-3082713545fc\u00bb global_colors_info=\u00bb{}\u00bb][et_pb_column type=\u00bb3_5&#8243; _builder_version=\u00bb4.16&#8243; _module_preset=\u00bbdefault\u00bb global_colors_info=\u00bb{}\u00bb][et_pb_text _builder_version=\u00bb4.19.5&#8243; _module_preset=\u00bb7a2a5065-4543-483f-b8ec-ac5fd4077b7b\u00bb header_font=\u00bb|600|||||||\u00bb header_font_size=\u00bb35px\u00bb header_2_font=\u00bb|600|||||||\u00bb header_2_font_size=\u00bb25px\u00bb custom_margin=\u00bb||50px||false|false\u00bb text_font_size_tablet=\u00bb18px\u00bb header_font_size_tablet=\u00bb35px\u00bb header_2_font_size_tablet=\u00bb30px\u00bb header_2_font_size_phone=\u00bb26px\u00bb header_2_font_size_last_edited=\u00bbon|desktop\u00bb global_colors_info=\u00bb{}\u00bb]<\/p>\n<h1>Pie de imprenta<\/h1>\n<h2>Informaci\u00f3n seg\u00fan \u00a7 5 TMG<\/h2>\n<p>arcana Solutions GmbH<br \/>Am Goldberg 7<br \/>56581 Melsbach<\/p>\n<p>Registro mercantil: HRB 28197<br \/>Tribunal de registro: Tribunal local Montabaur<\/p>\n<p><strong>Representado por:<\/strong><br \/>Bernhard Morell<br \/>Gert Kowarschik<\/p>\n<h2>Contacto<\/h2>\n<p>Tel\u00e9fono: +49 89 420956172 0<br \/>E-Mail: info@arcana-solutions.com<\/p>\n<h2>Impuesto sobre el valor a\u00f1adido<\/h2>\n<p>N\u00famero de identificaci\u00f3n: DE350114701<\/p>\n<p>[\/et_pb_text][et_pb_text _builder_version=\u00bb4.19.5&#8243; _module_preset=\u00bb7a2a5065-4543-483f-b8ec-ac5fd4077b7b\u00bb text_font=\u00bb|700|||||||\u00bb custom_margin=\u00bb||10px||false|false\u00bb text_font_size_tablet=\u00bb18px\u00bb global_colors_info=\u00bb{}\u00bb]Dise\u00f1o y desarrollo web de[\/et_pb_text][et_pb_image src=\u00bbhttps:\/\/arcana-solutions.com\/wp-content\/uploads\/2022\/10\/rocketsites-logo-NEU-Kopie.png\u00bb title_text=\u00bbrocketsites logo NEU Kopie\u00bb url=\u00bbhttps:\/\/rocketsites.de\u00bb url_new_window=\u00bbon\u00bb _builder_version=\u00bb4.16&#8243; _module_preset=\u00bbdefault\u00bb max_width=\u00bb300px\u00bb custom_margin=\u00bb||15px||false|false\u00bb global_colors_info=\u00bb{}\u00bb][\/et_pb_image][\/et_pb_column][et_pb_column type=\u00bb2_5&#8243; _builder_version=\u00bb4.16&#8243; _module_preset=\u00bbdefault\u00bb global_colors_info=\u00bb{}\u00bb][\/et_pb_column][\/et_pb_row][et_pb_row _builder_version=\u00bb4.16&#8243; _module_preset=\u00bb6c0703ad-7189-4acb-afd1-3082713545fc\u00bb global_colors_info=\u00bb{}\u00bb][et_pb_column type=\u00bb4_4&#8243; _builder_version=\u00bb4.16&#8243; _module_preset=\u00bbdefault\u00bb global_colors_info=\u00bb{}\u00bb][et_pb_text _builder_version=\u00bb4.19.5&#8243; _module_preset=\u00bb7a2a5065-4543-483f-b8ec-ac5fd4077b7b\u00bb header_2_font=\u00bb|600|||||||\u00bb header_2_font_size=\u00bb28px\u00bb custom_margin=\u00bb||47px|||\u00bb text_font_size_tablet=\u00bb18px\u00bb header_2_font_size_last_edited=\u00bboff|desktop\u00bb global_colors_info=\u00bb{}\u00bb]<\/p>\n<h2>Referencia a la resoluci\u00f3n de litigios en la UE<\/h2>\n<p>La Comisi\u00f3n Europea ofrece una plataforma de resoluci\u00f3n de litigios en l\u00ednea (OS): http:\/\/ec.europa.eu\/consumers\/odr<\/p>\n<h2>Responsabilidad por los contenidos<\/h2>\n<p>Como proveedor de servicios, somos responsables de los contenidos propios de estas p\u00e1ginas de acuerdo con la legislaci\u00f3n general seg\u00fan el \u00a7\u00a7 7 (1) de la Ley alemana de medios de telecomunicaci\u00f3n (TMG). Sin embargo, seg\u00fan los \u00a7\u00a7 8 a 10 de la TMG, como proveedor de servicios no estamos obligados a controlar la informaci\u00f3n ajena transmitida o almacenada ni a investigar circunstancias que indiquen una actividad ilegal. Esto no afecta a las obligaciones de eliminar o bloquear el uso de informaci\u00f3n de conformidad con las leyes generales. Sin embargo, la responsabilidad a este respecto s\u00f3lo es posible a partir del momento en que se tiene conocimiento de una infracci\u00f3n concreta de la ley. Si tenemos conocimiento de alguna infracci\u00f3n de este tipo, eliminaremos inmediatamente el contenido correspondiente.<\/p>\n<h2>Responsabilidad por enlaces<\/h2>\n<p>Nuestro sitio web contiene enlaces a sitios web externos de terceros sobre cuyo contenido no tenemos ninguna influencia. Por lo tanto, no podemos asumir ninguna responsabilidad por estos contenidos externos. El respectivo proveedor u operador de las p\u00e1ginas es siempre responsable del contenido de las p\u00e1ginas enlazadas. En el momento de establecer el enlace se comprob\u00f3 si las p\u00e1ginas enlazadas infring\u00edan la ley. En el momento de establecer el enlace no se detectaron contenidos ilegales. Sin embargo, no es razonable un control permanente de los contenidos de las p\u00e1ginas enlazadas sin indicios concretos de una infracci\u00f3n legal. Si tuvi\u00e9ramos conocimiento de alguna infracci\u00f3n de la ley, eliminar\u00edamos inmediatamente dichos enlaces.<\/p>\n<h2>Derechos de autor<\/h2>\n<p>Los contenidos y obras creados por los operadores del sitio en estas p\u00e1ginas est\u00e1n sujetos a la legislaci\u00f3n alemana sobre derechos de autor. La reproducci\u00f3n, procesamiento, distribuci\u00f3n o cualquier forma de comercializaci\u00f3n de dicho material m\u00e1s all\u00e1 del alcance de la ley de derechos de autor requerir\u00e1 el consentimiento previo por escrito de su respectivo autor o creador. Las descargas y copias de este sitio s\u00f3lo est\u00e1n permitidas para uso privado y no comercial. En la medida en que el contenido de este sitio no haya sido creado por el operador, se respetar\u00e1n los derechos de autor de terceros. En particular, los contenidos de terceros est\u00e1n marcados como tales. No obstante, si tiene conocimiento de una infracci\u00f3n de los derechos de autor, le rogamos que nos lo comunique. Si tenemos conocimiento de alguna infracci\u00f3n, eliminaremos inmediatamente dicho contenido.<\/p>\n<p>[\/et_pb_text][\/et_pb_column][\/et_pb_row][\/et_pb_section]<\/p>\n","protected":false},"excerpt":{"rendered":"<p>Pie de imprenta Informaci\u00f3n seg\u00fan \u00a7 5 TMG arcana Solutions GmbHAm Goldberg 756581 Melsbach Registro mercantil: HRB 28197Tribunal de registro: Tribunal local Montabaur Representado por:Bernhard MorellGert Kowarschik Contacto Tel\u00e9fono: +49 89 420956172 0E-Mail: info@arcana-solutions.com Impuesto sobre el valor a\u00f1adido N\u00famero de identificaci\u00f3n: DE350114701Dise\u00f1o y desarrollo web deReferencia a la resoluci\u00f3n de litigios en la UE [&hellip;]<\/p>\n","protected":false},"author":1,"featured_media":0,"parent":0,"menu_order":0,"comment_status":"closed","ping_status":"closed","template":"","meta":{"_et_pb_use_builder":"on","_et_pb_old_content":"","_et_gb_content_width":"","episode_type":"","audio_file":"","podmotor_file_id":"","podmotor_episode_id":"","cover_image":"","cover_image_id":"","duration":"","filesize":"","filesize_raw":"","date_recorded":"","explicit":"","block":"","itunes_episode_number":"","itunes_title":"","itunes_season_number":"","itunes_episode_type":"","footnotes":""},"dipi_cpt_category":[],"class_list":["post-898","page","type-page","status-publish","hentry"],"_links":{"self":[{"href":"https:\/\/arcana-solutions.com\/es\/wp-json\/wp\/v2\/pages\/898","targetHints":{"allow":["GET"]}}],"collection":[{"href":"https:\/\/arcana-solutions.com\/es\/wp-json\/wp\/v2\/pages"}],"about":[{"href":"https:\/\/arcana-solutions.com\/es\/wp-json\/wp\/v2\/types\/page"}],"author":[{"embeddable":true,"href":"https:\/\/arcana-solutions.com\/es\/wp-json\/wp\/v2\/users\/1"}],"replies":[{"embeddable":true,"href":"https:\/\/arcana-solutions.com\/es\/wp-json\/wp\/v2\/comments?post=898"}],"version-history":[{"count":4,"href":"https:\/\/arcana-solutions.com\/es\/wp-json\/wp\/v2\/pages\/898\/revisions"}],"predecessor-version":[{"id":1029,"href":"https:\/\/arcana-solutions.com\/es\/wp-json\/wp\/v2\/pages\/898\/revisions\/1029"}],"wp:attachment":[{"href":"https:\/\/arcana-solutions.com\/es\/wp-json\/wp\/v2\/media?parent=898"}],"wp:term":[{"taxonomy":"dipi_cpt_category","embeddable":true,"href":"https:\/\/arcana-solutions.com\/es\/wp-json\/wp\/v2\/dipi_cpt_category?post=898"}],"curies":[{"name":"wp","href":"https:\/\/api.w.org\/{rel}","templated":true}]}}